









{"id":2513,"date":"2022-08-08T16:28:49","date_gmt":"2022-08-08T14:28:49","guid":{"rendered":"http:\/\/interactive.rheticus.eu\/cookie-policy\/"},"modified":"2022-08-08T16:29:42","modified_gmt":"2022-08-08T14:29:42","slug":"cookie-policy","status":"publish","type":"page","link":"https:\/\/interactive.rheticus.eu\/it\/cookie-policy\/","title":{"rendered":"Cookie policy"},"content":{"rendered":"<div id=\"pl-2510\" class=\"panel-layout\">\n<div id=\"pg-2510-0\" class=\"panel-grid panel-no-style\" data-style=\"{&quot;background_image_attachment&quot;:false,&quot;background_display&quot;:&quot;tile&quot;,&quot;cell_alignment&quot;:&quot;flex-start&quot;}\" data-ratio=\"1\" data-ratio-direction=\"right\">\n<div id=\"pgc-2510-0-0\" class=\"panel-grid-cell panel-grid-cell-empty\" data-weight=\"1\"><\/div>\n<\/div>\n<div id=\"pg-2510-1\" class=\"panel-grid panel-no-style\" data-style=\"{&quot;background_image_attachment&quot;:false,&quot;background_display&quot;:&quot;tile&quot;,&quot;cell_alignment&quot;:&quot;flex-start&quot;}\" data-ratio=\"1\" data-ratio-direction=\"right\">\n<div id=\"pgc-2510-1-0\" class=\"panel-grid-cell\" data-weight=\"1\">\n<div id=\"panel-2510-1-0-0\" class=\"so-panel widget widget_text panel-first-child panel-last-child\" data-index=\"0\" data-style=\"{&quot;background_image_attachment&quot;:false,&quot;background_display&quot;:&quot;tile&quot;}\">\n<div class=\"textwidget\">\n<article id=\"post-12356\" class=\"post-12356 page type-page status-publish hentry\">\n<div id=\"entry-div\" class=\"entry-content clearfix\">\n<div class=\"wpb_wrapper\">\n<p><strong>INFORMATIVA SULL\u2019OPERATIVIT\u00c0 DEI COOKIES \u2013 EX ART. 13 REGOLAMENTO UE 679\/2016<\/strong><\/p>\n<p>Di seguito Vi informiamo in maniera trasparente circa l\u2019operativit\u00e0 su questo sito web (di seguito \u201cSito\u201d) dei c.d. cookies in ottemperanza della Direttiva 2009\/136\/CE e relativo provvedimento del Garante Privacy n.229\/2014.<\/p>\n<p><strong>Definizione di \u201ccookies\u201d.<\/strong><\/p>\n<p>I cookie sono brevi frammenti di testo (lettere e\/o numeri) inviati dal Sito e memorizzati dal vostro browser sullo specifico dispositivo da voi utilizzato (computer, tablet, smartphone) e contengono informazioni da riutilizzare nel corso della medesima visita al sito o in seguito, anche a distanza di giorni. I cookie vengono memorizzati, in base alle preferenze dell\u2019utente.<\/p>\n<p>Inoltre, con l\u2019introduzione dell\u2019HTML5 sono disponibili diverse forme di storage locale e tecnologie similari, come, ad esempio, web beacon e GIF trasparenti, che sono utilizzabili per raccogliere informazioni sul comportamento e le scelte dell\u2019utente e sull\u2019utilizzo dei servizi.<\/p>\n<p>In questo documento, per semplificare, utilizzeremo il termine \u201ccookie\u201d per fare riferimento ai cookie e a tutte le tecnologie similari.<\/p>\n<p><strong>Tipologie di cookies<\/strong><\/p>\n<p>In base alle caratteristiche e all\u2019utilizzo dei cookie possiamo distinguere due macro-categorie:<\/p>\n<p><strong>Cookie tecnici o di sessione. <\/strong>Si tratta di cookie indispensabili per il corretto funzionamento del sito e sono utilizzati per gestire il login e l\u2019accesso alle funzioni riservate del sito. La durata dei cookie \u00e8 strettamente limitata alla sessione di lavoro (chiuso il <em>browser<\/em> vengono cancellati), ad eccezione dei cookie di durata pi\u00f9 lunga volti esclusivamente a riconoscere, per un limitato periodo, il computer\/dispositivo del visitatore \u2013 attraverso un codice alfa-numerico generato alla prima sessione di accesso. La loro disattivazione compromette l\u2019utilizzo dei servizi accessibili da <em>login<\/em>. La parte pubblica del sito resta normalmente utilizzabile.<\/p>\n<p>Sono inclusi in questa categoria anche in c.d. \u201c<em>cookies analytics<\/em>\u201d, soltanto se utilizzati in forma aggregata per raccogliere e analizzare il traffico e monitorare le prestazioni e l\u2019utilizzo del sito in modo anonimo. Questi cookie, pur senza identificare l\u2019utente, consentono, per esempio, di rilevare se il medesimo utente torna a collegarsi in momenti diversi. Permettono inoltre di monitorare il sistema e migliorarne le prestazioni e l\u2019usabilit\u00e0. La disattivazione di tali cookie pu\u00f2 essere eseguita senza alcuna perdita di funzionalit\u00e0.<\/p>\n<p>E\u2019 consentito l\u2019utilizzo di tali cookies anche in assenza del consenso dell\u2019interessato.<\/p>\n<p><strong>Cookie di profilazione e marketing<\/strong>. Si tratta di cookie permanenti utilizzati per identificare (in modo anonimo e non) le preferenze dell\u2019utente e migliorare la sua esperienza di navigazione, creando profili specifici e vengono utilizzati al fine di inviare messaggi pubblicitari in linea con le scelte manifestate dallo stesso nell\u2019ambito della navigazione in rete.<\/p>\n<p><strong>Questo sito non utilizza cookie di questo tipo.<\/strong><\/p>\n<p><strong>Cookie di terze parti<\/strong><\/p>\n<p>Visitando un sito web si possono ricevere cookie sia dal sito visitato (\u201cproprietari\u201d), sia da siti gestiti da altre organizzazioni (\u201cterze parti\u201d). La gestione delle informazioni raccolte da \u201cterze parti\u201d \u00e8 disciplinata dalle relative informative cui si prega di fare riferimento. Per garantire una maggiore trasparenza e comodit\u00e0, si riportano nella tabella qui di seguito le tipologie e gli indirizzi web delle diverse informative e delle modalit\u00e0 per la gestione dei cookie di terze parti.<\/p>\n<table width=\"\" cellspacing=\"0\" cellpadding=\"0\">\n<colgroup>\n<col width=\"95\" \/>\n<col width=\"75\" \/>\n<col width=\"104\" \/>\n<col width=\"124\" \/>\n<col width=\"300\" \/><\/colgroup>\n<tbody>\n<tr style=\"height: 40px;\" valign=\"top\">\n<td style=\"height: 40px; width: 92.4167px;\" height=\"8\"><em><strong>Tipologia Cookie<\/strong><\/em><\/td>\n<td style=\"height: 40px; width: 78px;\"><em><strong>Durata<\/strong><\/em><\/td>\n<td style=\"height: 40px; width: 101.2px;\"><em><strong>Finalit\u00e0<\/strong><\/em><\/td>\n<td style=\"height: 40px; width: 121.117px;\"><em><strong>Titolare trattamento cookie di terze parti<br \/>\n<\/strong><\/em><\/td>\n<td style=\"height: 40px; width: 295.267px;\"><em><strong>Link privacy\/cookie policy di terze parti<\/strong><\/em><\/td>\n<\/tr>\n<tr style=\"height: 40px;\" valign=\"top\">\n<td style=\"height: 40px; width: 92.4167px;\" height=\"14\">Analytics<\/td>\n<td style=\"height: 40px; width: 78px;\">Permanente<\/td>\n<td style=\"height: 40px; width: 101.2px;\">Analisi statistiche e reporting<\/td>\n<td style=\"height: 40px; width: 121.117px;\">Google Inc<\/td>\n<td style=\"height: 40px; width: 295.267px;\"><a href=\"http:\/\/www.google.com\/intl\/en\/analytics\/privacyovervie\">http:\/\/www.google.com\/intl\/en\/analytics\/privacyoverview.html<\/a><\/td>\n<\/tr>\n<tr style=\"height: 40px;\" valign=\"top\">\n<td style=\"height: 40px; width: 92.4167px;\" height=\"14\">Widgets<\/td>\n<td style=\"height: 40px; width: 78px;\">Permanente<\/td>\n<td style=\"height: 40px; width: 101.2px;\">Google Maps<\/td>\n<td style=\"height: 40px; width: 121.117px;\">Google Inc.<\/td>\n<td style=\"height: 40px; width: 295.267px;\"><a href=\"https:\/\/www.google.com\/policies\/privacy\/?hl=it\">https:\/\/www.google.com\/policies\/privacy\/?hl=it<\/a><\/td>\n<\/tr>\n<tr style=\"height: 40px;\" valign=\"top\">\n<td style=\"height: 40px; width: 92.4167px;\" height=\"14\">Widgets<\/td>\n<td style=\"height: 40px; width: 78px;\">Permanente<\/td>\n<td style=\"height: 40px; width: 101.2px;\">Validazione form Recaptcha<\/td>\n<td style=\"height: 40px; width: 121.117px;\">Google Inc.<\/td>\n<td style=\"height: 40px; width: 295.267px;\"><a href=\"https:\/\/www.google.com\/policies\/privacy\/?hl=it\">https:\/\/www.google.com\/policies\/privacy\/?hl=it<\/a><\/td>\n<\/tr>\n<tr style=\"height: 40px;\" valign=\"top\">\n<td style=\"height: 40px; width: 92.4167px;\" height=\"14\">Tools<\/td>\n<td style=\"height: 40px; width: 78px;\">Permanente<\/td>\n<td style=\"height: 40px; width: 101.2px;\">Google Fonts<\/td>\n<td style=\"height: 40px; width: 121.117px;\">Google Inc.<\/td>\n<td style=\"height: 40px; width: 295.267px;\"><a href=\"https:\/\/www.google.com\/policies\/privacy\/?hl=it\">https:\/\/www.google.com\/policies\/privacy\/?hl=it<\/a><\/td>\n<\/tr>\n<\/tbody>\n<\/table>\n<p><strong>Social Buttons<\/strong><\/p>\n<div id=\"Section3\" dir=\"ltr\">\n<p>Il sito utilizza particolari \u201cpulsanti\u201d (denominati \u201csocial buttons\/widgets\u201d) che raffigurano le icone di social network (esempio, Facebook, Twitter etc.) e di ulteriori siti web. Detti bottoni consentono agli utenti che stanno navigando sui siti di interagire con un \u201cclick\u201d direttamente con i social network e gli altri siti web ivi raffigurati. In tal caso il social network e gli altri siti web<\/p>\n<\/div>\n<p><a name=\"page3\"><\/a> acquisiscono i dati relativi alla visita dell\u2019utente, mentre il titolare non condivider\u00e0 alcuna informazione di navigazione o dato dell\u2019utente acquisiti attraverso il proprio sito con i social network e gli altri siti web accessibili grazie ai social buttons\/widgets.<\/p>\n<p><strong>Durata dei cookie<\/strong><\/p>\n<p>Alcuni cookie (cookie di sessione) restano attivi solo fino alla chiusura del browser o all\u2019esecuzione del comando di logout. Altri cookie \u201csopravvivono\u201d alla chiusura del browser e sono disponibili anche in successive visite dell\u2019utente. Questi cookie sono detti persistenti e la loro durata \u00e8 fissata dal server al momento della loro creazione. In alcuni casi \u00e8 fissata una scadenza, in altri casi la durata \u00e8 illimitata. Ad eccezione di quei cookies le cui informazioni sono memorizzate esclusivamente per finalit\u00e0 tecniche, <strong>questo sito non fa uso di cookie persistenti<\/strong>.<\/p>\n<p>Tuttavia, navigando sulle pagine dei siti web, si pu\u00f2 interagire con siti gestiti da terze parti che possono creare o modificare cookie permanenti e di profilazione.<\/p>\n<p><strong>Gestione dei cookie<\/strong><\/p>\n<p>L\u2019utente pu\u00f2 decidere se accettare o meno i cookie utilizzando le impostazioni del proprio browser.<\/p>\n<p>L\u2019impostazione pu\u00f2 essere definita in modo specifico per i diversi siti e applicazioni web. Inoltre i migliori browser consentono di definire impostazioni diverse per i cookie \u201cproprietari\u201d e per quelli di \u201cterze parti\u201d. Attraverso il menu opzioni del browser in uso \u00e8 possibile gestire e definire se accettare o meno i diversi tipi di cookie e procedere alla loro rimozione.<\/p>\n<p><strong>Attenzione: <\/strong>la disabilitazione totale o parziale dei cookie tecnici pu\u00f2 compromettere l\u2019utilizzo delle funzionalit\u00e0 delle aree del sito riservate agli utenti registrati. Al contrario, la fruibilit\u00e0 dei contenuti pubblici \u00e8 possibile anche disabilitando completamente i cookie. La disabilitazione dei cookie \u201cterze parti\u201d non pregiudica in alcun modo la navigabilit\u00e0.<\/p>\n<p>Ricordiamo inoltre, che disabilitando completamente i cookie nel browser, l\u2019utente potrebbe non essere in grado di utilizzare tutte le funzionalit\u00e0 interattive.<\/p>\n<ul>\n<li>Internet Explorer: <a href=\"http:\/\/windows.microsoft.com\/it-it\/internet-explorer\/delete-manage-cookies#ie=ie-11\"><span style=\"text-decoration: underline;\">http:\/\/windows.microsoft.com\/it-it\/internet-explorer\/delete-manage-cookies#ie=ie-11<\/span><\/a><\/li>\n<li>Google Chrome: <a href=\"https:\/\/support.google.com\/accounts\/answer\/61416?hl=it\"><span style=\"text-decoration: underline;\">https:\/\/support.google.com\/accounts\/answer\/61416?hl=it<\/span><\/a><\/li>\n<li>Apple Safari: <a href=\"http:\/\/support.apple.com\/kb\/HT1677?viewlocale=it_IT\"><span style=\"text-decoration: underline;\">http:\/\/support.apple.com\/kb\/HT1677?viewlocale=it_IT<\/span><\/a><\/li>\n<li>Mozilla Fireforx: <a href=\"https:\/\/support.mozilla.org\/it\/kb\/Attivare%20e%20disattivare%20i%20cookie\"><span style=\"text-decoration: underline;\">https:\/\/support.mozilla.org\/it\/kb\/Attivare%20e%20disattivare%20i%20cookie<\/span><\/a><\/li>\n<li>Flash Player:\u00a0<a href=\"https:\/\/www.adobe.com\/it\/products\/flashplayer.html\" target=\"_blank\" rel=\"noopener noreferrer\">https:\/\/www.adobe.com\/it\/products\/flashplayer.html<\/a><\/li>\n<\/ul>\n<p><strong>Comunicazione e diffusione dei dati<\/strong><\/p>\n<p>I dati raccolti utilizzando i cookie potranno essere trattati soltanto da personale specificatamente incaricati e da responsabili del trattamento. Inoltre tali dati potranno essere comunicati a terzi, soltanto se specificatamente nominati quali responsabili del trattamento, per l\u2019esecuzione di alcune prestazioni collegate ai rapporti in essere (es. consulenti, aziende di servizi).<\/p>\n<p>I dati raccolti utilizzando i cookie propri non saranno diffusi e non saranno ceduti a terzi. I dati raccolti utilizzando i cookie di terze parti potranno essere trasferiti fuori dall\u2019Unione Europea in particolare negli Stati Uniti d\u2019America.<\/p>\n<\/div>\n<\/div>\n<\/article>\n<\/div>\n<\/div>\n<\/div>\n<\/div>\n<\/div>\n","protected":false},"excerpt":{"rendered":"<p>INFORMATIVA SULL\u2019OPERATIVIT\u00c0 DEI COOKIES \u2013 EX ART. 13 REGOLAMENTO UE 679\/2016 Di seguito Vi informiamo in maniera trasparente circa l\u2019operativit\u00e0 su questo sito web (di seguito \u201cSito\u201d) dei c.d. cookies in ottemperanza della Direttiva 2009\/136\/CE e relativo provvedimento del Garante Privacy n.229\/2014. Definizione di \u201ccookies\u201d. I cookie sono brevi frammenti di testo (lettere e\/o numeri) [&hellip;]<\/p>\n","protected":false},"author":2,"featured_media":0,"parent":0,"menu_order":0,"comment_status":"closed","ping_status":"closed","template":"template-fullwidth.php","meta":{"_expiration-date-status":"","_expiration-date":0,"_expiration-date-type":"","_expiration-date-categories":[],"_expiration-date-options":[]},"acf":[],"_links":{"self":[{"href":"https:\/\/interactive.rheticus.eu\/it\/wp-json\/wp\/v2\/pages\/2513"}],"collection":[{"href":"https:\/\/interactive.rheticus.eu\/it\/wp-json\/wp\/v2\/pages"}],"about":[{"href":"https:\/\/interactive.rheticus.eu\/it\/wp-json\/wp\/v2\/types\/page"}],"author":[{"embeddable":true,"href":"https:\/\/interactive.rheticus.eu\/it\/wp-json\/wp\/v2\/users\/2"}],"replies":[{"embeddable":true,"href":"https:\/\/interactive.rheticus.eu\/it\/wp-json\/wp\/v2\/comments?post=2513"}],"version-history":[{"count":1,"href":"https:\/\/interactive.rheticus.eu\/it\/wp-json\/wp\/v2\/pages\/2513\/revisions"}],"predecessor-version":[{"id":2514,"href":"https:\/\/interactive.rheticus.eu\/it\/wp-json\/wp\/v2\/pages\/2513\/revisions\/2514"}],"wp:attachment":[{"href":"https:\/\/interactive.rheticus.eu\/it\/wp-json\/wp\/v2\/media?parent=2513"}],"curies":[{"name":"wp","href":"https:\/\/api.w.org\/{rel}","templated":true}]}}