









{"id":1297,"date":"2022-06-06T09:22:51","date_gmt":"2022-06-06T07:22:51","guid":{"rendered":"http:\/\/15.236.96.141\/services\/"},"modified":"2022-08-01T10:29:15","modified_gmt":"2022-08-01T08:29:15","slug":"services","status":"publish","type":"page","link":"https:\/\/interactive.rheticus.eu\/it\/services\/","title":{"rendered":"Servizi"},"content":{"rendered":"<div id=\"pl-1297\"  class=\"panel-layout\" ><div id=\"pg-1297-0\"  class=\"panel-grid panel-has-style\" ><div class=\"panel-row-style panel-row-style-for-1297-0\" ><div id=\"pgc-1297-0-0\"  class=\"panel-grid-cell panel-grid-cell-empty\" ><\/div><\/div><\/div><div id=\"pg-1297-1\"  class=\"panel-grid panel-no-style\" ><div id=\"pgc-1297-1-0\"  class=\"panel-grid-cell\" ><div id=\"panel-1297-1-0-0\" class=\"so-panel widget widget_sow-editor panel-first-child panel-last-child\" data-index=\"0\" ><div\n\t\t\t\n\t\t\tclass=\"so-widget-sow-editor so-widget-sow-editor-base\"\n\t\t\t\n\t\t>\n<div class=\"siteorigin-widget-tinymce textwidget\">\n\t<p>Rheticus\u00ae Interactive \u00e8 la soluzione ideale per le grandi organizzazioni che vogliono semplificare i servizi di monitoraggio ai propri utenti. Rheticus\u00ae Interactive \u00e8 disponibile per un numero crescente di applicazioni e aziende. I servizi sono:<\/p>\n<\/div>\n<\/div><\/div><\/div><\/div><div id=\"pg-1297-2\"  class=\"panel-grid panel-has-style\" ><div class=\"service-presentation-row panel-row-style panel-row-style-for-1297-2\" ><div id=\"pgc-1297-2-0\"  class=\"panel-grid-cell\" ><div id=\"panel-1297-2-0-0\" class=\"so-panel widget widget_media_image panel-first-child\" data-index=\"1\" ><img width=\"150\" height=\"70\" src=\"https:\/\/interactive.rheticus.eu\/wp-content\/uploads\/2022\/07\/rheticusDisplacements_logo-2.png\" class=\"image wp-image-2222  attachment-full size-full\" alt=\"\" loading=\"lazy\" style=\"max-width: 100%; height: auto;\" \/><\/div><div id=\"panel-1297-2-0-1\" class=\"so-panel widget widget_sow-editor panel-last-child\" data-index=\"2\" ><div\n\t\t\t\n\t\t\tclass=\"so-widget-sow-editor so-widget-sow-editor-base\"\n\t\t\t\n\t\t><h3 class=\"widget-title\">RHETICUS DISPLACEMENT<\/h3>\n<div class=\"siteorigin-widget-tinymce textwidget\">\n\t<p>Monitoraggio periodico dei movimenti della superficie terrestre dovuti a frane lente e\/o subsidenza in aree urbane ed extraurbane con definizione dell'entit\u00e0 degli spostamenti e delle accelerazioni nel tempo.<\/p>\n<p><a href=\"https:\/\/www.rheticus.eu\/wp-content\/uploads\/2021\/07\/Rheticus-DISPLACEMENT-ITA-web-single.pdf\" target=\"_blank\" rel=\"noopener\">Maggiori dettagli nella scheda informativa<\/a><\/p>\n<\/div>\n<\/div><\/div><\/div><\/div><\/div><div id=\"pg-1297-3\"  class=\"panel-grid panel-has-style\" ><div class=\"service-presentation-row panel-row-style panel-row-style-for-1297-3\" ><div id=\"pgc-1297-3-0\"  class=\"panel-grid-cell\" ><div id=\"panel-1297-3-0-0\" class=\"so-panel widget widget_media_image panel-first-child\" data-index=\"3\" ><img width=\"150\" height=\"70\" src=\"https:\/\/interactive.rheticus.eu\/wp-content\/uploads\/2022\/07\/rheticusNetworkAlert_logo.png\" class=\"image wp-image-2226  attachment-full size-full\" alt=\"\" loading=\"lazy\" style=\"max-width: 100%; height: auto;\" \/><\/div><div id=\"panel-1297-3-0-1\" class=\"so-panel widget widget_sow-editor panel-last-child\" data-index=\"4\" ><div\n\t\t\t\n\t\t\tclass=\"so-widget-sow-editor so-widget-sow-editor-base\"\n\t\t\t\n\t\t><h3 class=\"widget-title\">RHETICUS NETWORK ALERT<\/h3>\n<div class=\"siteorigin-widget-tinymce textwidget\">\n\t<p>Monitoraggio periodico delle reti idriche e fognarie per l'individuazione di potenziali guasti legati a movimenti e spostamenti del terreno.<\/p>\n<p><a href=\"https:\/\/www.rheticus.eu\/wp-content\/uploads\/2021\/07\/Rheticus-NETWORK_ALERT-ITA-web-single.pdf\" target=\"_blank\" rel=\"noopener\">Maggiori dettagli nella scheda informativa<\/a><\/p>\n<\/div>\n<\/div><\/div><\/div><\/div><\/div><div id=\"pg-1297-4\"  class=\"panel-grid panel-has-style\" ><div class=\"service-presentation-row panel-row-style panel-row-style-for-1297-4\" ><div id=\"pgc-1297-4-0\"  class=\"panel-grid-cell\" ><div id=\"panel-1297-4-0-0\" class=\"so-panel widget widget_media_image panel-first-child\" data-index=\"5\" ><img width=\"150\" height=\"70\" src=\"https:\/\/interactive.rheticus.eu\/wp-content\/uploads\/2022\/07\/rheticusSafeland_logo.png\" class=\"image wp-image-2230  attachment-full size-full\" alt=\"\" loading=\"lazy\" style=\"max-width: 100%; height: auto;\" \/><\/div><div id=\"panel-1297-4-0-1\" class=\"so-panel widget widget_sow-editor panel-last-child\" data-index=\"6\" ><div\n\t\t\t\n\t\t\tclass=\"so-widget-sow-editor so-widget-sow-editor-base\"\n\t\t\t\n\t\t><h3 class=\"widget-title\">RHETICUS SAFELAND<\/h3>\n<div class=\"siteorigin-widget-tinymce textwidget\">\n\t<p>Segnalazione periodica della stabilit\u00e0 del terreno di vaste e remote aree attraverso la segmentazione dell&#39;area di interesse e la classificazione automatica di ogni singola porzione in base alle tendenze e alle anomalie misurate.<\/p>\n<p><a href=\"https:\/\/www.rheticus.eu\/wp-content\/uploads\/2021\/07\/Rheticus-SAFELAND-ITA-web-single.pdf\" target=\"_blank\" rel=\"noopener\">Maggiori dettagli nella scheda informativa<\/a><\/p>\n<\/div>\n<\/div><\/div><\/div><\/div><\/div><div id=\"pg-1297-5\"  class=\"panel-grid panel-has-style\" ><div class=\"service-presentation-row panel-row-style panel-row-style-for-1297-5\" ><div id=\"pgc-1297-5-0\"  class=\"panel-grid-cell\" ><div id=\"panel-1297-5-0-0\" class=\"so-panel widget widget_media_image panel-first-child\" data-index=\"7\" ><img width=\"150\" height=\"70\" src=\"https:\/\/interactive.rheticus.eu\/wp-content\/uploads\/2022\/07\/rheticusSafeway_logo.png\" class=\"image wp-image-2232  attachment-full size-full\" alt=\"\" loading=\"lazy\" style=\"max-width: 100%; height: auto;\" \/><\/div><div id=\"panel-1297-5-0-1\" class=\"so-panel widget widget_sow-editor panel-last-child\" data-index=\"8\" ><div\n\t\t\t\n\t\t\tclass=\"so-widget-sow-editor so-widget-sow-editor-base\"\n\t\t\t\n\t\t><h3 class=\"widget-title\">RHETICUS SAFEWAY<\/h3>\n<div class=\"siteorigin-widget-tinymce textwidget\">\n\t<p>Report periodici sulla stabilit\u00e0 delle infrastrutture stradali come strade, ferrovie e aeroporti. Le infrastrutture segmentate sono classificate sulla base delle velocit\u00e0 e delle accelerazioni misurate nel tempo.<\/p>\n<p><a href=\"https:\/\/www.rheticus.eu\/wp-content\/uploads\/2021\/07\/Rheticus-SAFEWAY-ITA-web-single.pdf\" target=\"_blank\" rel=\"noopener\">Maggiori dettagli nella scheda informativa<\/a><\/p>\n<\/div>\n<\/div><\/div><\/div><\/div><\/div><div id=\"pg-1297-6\"  class=\"panel-grid panel-has-style\" ><div class=\"service-presentation-row panel-row-style panel-row-style-for-1297-6\" ><div id=\"pgc-1297-6-0\"  class=\"panel-grid-cell\" ><div id=\"panel-1297-6-0-0\" class=\"so-panel widget widget_media_image panel-first-child\" data-index=\"9\" ><img width=\"150\" height=\"70\" src=\"https:\/\/interactive.rheticus.eu\/wp-content\/uploads\/2022\/07\/rheticusBuildingCheck_logo.png\" class=\"image wp-image-2234  attachment-full size-full\" alt=\"\" loading=\"lazy\" style=\"max-width: 100%; height: auto;\" \/><\/div><div id=\"panel-1297-6-0-1\" class=\"so-panel widget widget_sow-editor panel-last-child\" data-index=\"10\" ><div\n\t\t\t\n\t\t\tclass=\"so-widget-sow-editor so-widget-sow-editor-base\"\n\t\t\t\n\t\t><h3 class=\"widget-title\">RHETICUS BUILDING CHECK<\/h3>\n<div class=\"siteorigin-widget-tinymce textwidget\">\n\t<p>Rapporto periodico sulla stabilit\u00e0 degli edifici, classificati sulla base del livello di stress associato alle misure di spostamenti e accelerazioni nel tempo.<\/p>\n<p><a href=\"https:\/\/www.rheticus.eu\/wp-content\/uploads\/2021\/07\/Rheticus-BUILDING_CHECK-ITA-web-single.pdf\" target=\"_blank\" rel=\"noopener\">Maggiori dettagli nella scheda informativa<\/a><\/p>\n<\/div>\n<\/div><\/div><\/div><\/div><\/div><div id=\"pg-1297-7\"  class=\"panel-grid panel-has-style\" ><div class=\"service-presentation-row panel-row-style panel-row-style-for-1297-7\" ><div id=\"pgc-1297-7-0\"  class=\"panel-grid-cell\" ><div id=\"panel-1297-7-0-0\" class=\"so-panel widget widget_media_image panel-first-child\" data-index=\"11\" ><img width=\"150\" height=\"70\" src=\"https:\/\/interactive.rheticus.eu\/wp-content\/uploads\/2022\/07\/rheticusUrbanDynimics_logo.png\" class=\"image wp-image-2236  attachment-full size-full\" alt=\"\" loading=\"lazy\" style=\"max-width: 100%; height: auto;\" \/><\/div><div id=\"panel-1297-7-0-1\" class=\"so-panel widget widget_sow-editor panel-last-child\" data-index=\"12\" ><div\n\t\t\t\n\t\t\tclass=\"so-widget-sow-editor so-widget-sow-editor-base\"\n\t\t\t\n\t\t><h3 class=\"widget-title\">RHETICUS URBAN DYNAMICS<\/h3>\n<div class=\"siteorigin-widget-tinymce textwidget\">\n\t<p>Monitoraggio delle dinamiche urbane per identificare i cambiamenti antropici: impermeabilizzazione del suolo, espansione urbana, abusivismo edilizio, isole di calore urbane.<\/p>\n<p><a href=\"https:\/\/www.rheticus.eu\/wp-content\/uploads\/2021\/07\/Rheticus-URBAN_DYNAMICS-ITA-web-single.pdf\" target=\"_blank\" rel=\"noopener\">Maggiori dettagli nella scheda informativa<\/a><\/p>\n<\/div>\n<\/div><\/div><\/div><\/div><\/div><div id=\"pg-1297-8\"  class=\"panel-grid panel-has-style\" ><div class=\"service-presentation-row panel-row-style panel-row-style-for-1297-8\" ><div id=\"pgc-1297-8-0\"  class=\"panel-grid-cell\" ><div id=\"panel-1297-8-0-0\" class=\"so-panel widget widget_media_image panel-first-child\" data-index=\"13\" ><img width=\"150\" height=\"70\" src=\"https:\/\/interactive.rheticus.eu\/wp-content\/uploads\/2022\/07\/rheticusWildfires_logo.png\" class=\"image wp-image-2238  attachment-full size-full\" alt=\"\" loading=\"lazy\" style=\"max-width: 100%; height: auto;\" \/><\/div><div id=\"panel-1297-8-0-1\" class=\"so-panel widget widget_sow-editor panel-last-child\" data-index=\"14\" ><div\n\t\t\t\n\t\t\tclass=\"so-widget-sow-editor so-widget-sow-editor-base\"\n\t\t\t\n\t\t><h3 class=\"widget-title\">RHETICUS WILDFIRES<\/h3>\n<div class=\"siteorigin-widget-tinymce textwidget\">\n\t<p>Rilevamento di aree bruciate, classificazione della gravit\u00e0 degli incendi, monitoraggio della ricrescita della vegetazione e rilevamento di attivit\u00e0 infrastrutturali potenzialmente illegali.<\/p>\n<p><a href=\"https:\/\/www.rheticus.eu\/wp-content\/uploads\/2021\/07\/Rheticus-WILDFIRES-ITA-web-single.pdf\" target=\"_blank\" rel=\"noopener\">Maggiori dettagli nella scheda informativa<\/a><\/p>\n<\/div>\n<\/div><\/div><\/div><\/div><\/div><div id=\"pg-1297-9\"  class=\"panel-grid panel-has-style\" ><div class=\"service-presentation-row panel-row-style panel-row-style-for-1297-9\" ><div id=\"pgc-1297-9-0\"  class=\"panel-grid-cell\" ><div id=\"panel-1297-9-0-0\" class=\"so-panel widget widget_media_image panel-first-child\" data-index=\"15\" ><img width=\"150\" height=\"70\" src=\"https:\/\/interactive.rheticus.eu\/wp-content\/uploads\/2022\/07\/rheticusMarine_logo.png\" class=\"image wp-image-2246  attachment-full size-full\" alt=\"\" loading=\"lazy\" style=\"max-width: 100%; height: auto;\" \/><\/div><div id=\"panel-1297-9-0-1\" class=\"so-panel widget widget_sow-editor panel-last-child\" data-index=\"16\" ><div\n\t\t\t\n\t\t\tclass=\"so-widget-sow-editor so-widget-sow-editor-base\"\n\t\t\t\n\t\t><h3 class=\"widget-title\">RHETICUS MARINE<\/h3>\n<div class=\"siteorigin-widget-tinymce textwidget\">\n\t<p>Monitoraggio periodico della qualit\u00e0 delle acque costiere e delle acque dolci in relazione all'eutrofizzazione e allo sfruttamento delle risorse marine.<\/p>\n<p><a href=\"https:\/\/www.rheticus.eu\/wp-content\/uploads\/2021\/07\/Rheticus-MARINE-ITA-web-single.pdf\" target=\"_blank\" rel=\"noopener\">Maggiori dettagli nella scheda informativa<\/a><\/p>\n<\/div>\n<\/div><\/div><\/div><\/div><\/div><div id=\"pg-1297-10\"  class=\"panel-grid panel-has-style\" ><div class=\"service-presentation-row panel-row-style panel-row-style-for-1297-10\" ><div id=\"pgc-1297-10-0\"  class=\"panel-grid-cell\" ><div id=\"panel-1297-10-0-0\" class=\"so-panel widget widget_media_image panel-first-child\" data-index=\"17\" ><img width=\"150\" height=\"70\" src=\"https:\/\/interactive.rheticus.eu\/wp-content\/uploads\/2022\/07\/rheticusWildfires_logo.png\" class=\"image wp-image-2238  attachment-full size-full\" alt=\"\" loading=\"lazy\" style=\"max-width: 100%; height: auto;\" \/><\/div><div id=\"panel-1297-10-0-1\" class=\"so-panel widget widget_sow-editor panel-last-child\" data-index=\"18\" ><div\n\t\t\t\n\t\t\tclass=\"so-widget-sow-editor so-widget-sow-editor-base\"\n\t\t\t\n\t\t><h3 class=\"widget-title\">RHETICUS ACQUACULTURE<\/h3>\n<div class=\"siteorigin-widget-tinymce textwidget\">\n\t<p>Monitoraggio dell'azienda e identificazione dei migliori tempi di raccolta e vendita per ottimizzare le attivit\u00e0 di acquacoltura.<\/p>\n<p><a href=\"https:\/\/www.rheticus.eu\/wp-content\/uploads\/2021\/07\/Rheticus-AQUACULTURE-ITA-web-single.pdf\" target=\"_blank\" rel=\"noopener\">Maggiori dettagli nella scheda informativa<\/a><\/p>\n<\/div>\n<\/div><\/div><\/div><\/div><\/div><div id=\"pg-1297-11\"  class=\"panel-grid panel-has-style\" ><div class=\"service-presentation-row panel-row-style panel-row-style-for-1297-11\" ><div id=\"pgc-1297-11-0\"  class=\"panel-grid-cell\" ><div id=\"panel-1297-11-0-0\" class=\"so-panel widget widget_media_image panel-first-child\" data-index=\"19\" ><img width=\"150\" height=\"70\" src=\"https:\/\/interactive.rheticus.eu\/wp-content\/uploads\/2022\/07\/rheticusOenoview_logo.png\" class=\"image wp-image-2240  attachment-full size-full\" alt=\"\" loading=\"lazy\" style=\"max-width: 100%; height: auto;\" \/><\/div><div id=\"panel-1297-11-0-1\" class=\"so-panel widget widget_sow-editor panel-last-child\" data-index=\"20\" ><div\n\t\t\t\n\t\t\tclass=\"so-widget-sow-editor so-widget-sow-editor-base\"\n\t\t\t\n\t\t><h3 class=\"widget-title\">RHETICUS OENOVIEW<\/h3>\n<div class=\"siteorigin-widget-tinymce textwidget\">\n\t<p>Sostegno satellitare ai viticoltori e alle cooperative di vinificazione per l'ottimizzazione delle loro attivit\u00e0, il miglioramento della produttivit\u00e0 e della qualit\u00e0.<\/p>\n<p><a href=\"https:\/\/www.rheticus.eu\/wp-content\/uploads\/2021\/07\/Rheticus-OENOVIEW-ITA-web-single.pdf\" target=\"_blank\" rel=\"noopener\">Maggiori dettagli nella scheda informativa<\/a><\/p>\n<\/div>\n<\/div><\/div><\/div><\/div><\/div><\/div>","protected":false},"excerpt":{"rendered":"<p>Rheticus\u00ae Interactive \u00e8 la soluzione ideale per le grandi organizzazioni che vogliono semplificare i servizi di monitoraggio ai propri utenti. Rheticus\u00ae Interactive \u00e8 disponibile per un numero crescente di applicazioni e aziende. I servizi sono:<\/p>\n","protected":false},"author":2,"featured_media":0,"parent":0,"menu_order":0,"comment_status":"closed","ping_status":"closed","template":"template-fullwidth.php","meta":{"_expiration-date-status":"","_expiration-date":0,"_expiration-date-type":"","_expiration-date-categories":[],"_expiration-date-options":[]},"acf":[],"_links":{"self":[{"href":"https:\/\/interactive.rheticus.eu\/it\/wp-json\/wp\/v2\/pages\/1297"}],"collection":[{"href":"https:\/\/interactive.rheticus.eu\/it\/wp-json\/wp\/v2\/pages"}],"about":[{"href":"https:\/\/interactive.rheticus.eu\/it\/wp-json\/wp\/v2\/types\/page"}],"author":[{"embeddable":true,"href":"https:\/\/interactive.rheticus.eu\/it\/wp-json\/wp\/v2\/users\/2"}],"replies":[{"embeddable":true,"href":"https:\/\/interactive.rheticus.eu\/it\/wp-json\/wp\/v2\/comments?post=1297"}],"version-history":[{"count":13,"href":"https:\/\/interactive.rheticus.eu\/it\/wp-json\/wp\/v2\/pages\/1297\/revisions"}],"predecessor-version":[{"id":2336,"href":"https:\/\/interactive.rheticus.eu\/it\/wp-json\/wp\/v2\/pages\/1297\/revisions\/2336"}],"wp:attachment":[{"href":"https:\/\/interactive.rheticus.eu\/it\/wp-json\/wp\/v2\/media?parent=1297"}],"curies":[{"name":"wp","href":"https:\/\/api.w.org\/{rel}","templated":true}]}}